{"id":2,"date":"2016-05-10T03:48:21","date_gmt":"2016-05-10T03:48:21","guid":{"rendered":"http:\/\/la-groudiere.net\/?page_id=2"},"modified":"2021-01-21T18:50:00","modified_gmt":"2021-01-21T18:50:00","slug":"sample-page","status":"publish","type":"page","link":"https:\/\/la-groudiere.net\/","title":{"rendered":"La Groudi\u00e8re, unser Domizil in der Normandie im D\u00e9partement &#8222;La Manche&#8220; (50)"},"content":{"rendered":"<p>Auf dieser Seite findet ihr ein paar Bilder und Eindr\u00fccke von unserem Haus in der nord-west-franz\u00f6sischen Region Normandie im Departement &#8222;La Manche&#8220;, dem &#8222;\u00c4rmel&#8220; zum gleichnamigen Kanal nach England. Bekannt ist diese Region sicherlich zum einen durch die Landung der Alliierten im Juni 1944 an den nord-\u00f6stlichen Str\u00e4nden wie Omaha-, Utah-, Gold- und Juno-Beach oberhalb der St\u00e4dte Bayeux und Caen. Die Normandie bietet aber auf der anderen Seite ein ruhiges, urspr\u00fcngliches und bodenst\u00e4ndiges &#8222;St\u00fcck Frankreich&#8220;, mit abwechslungsreicher Landschaft, malerischen K\u00fcsten- und Fischerst\u00e4dtchen, gro\u00dfartigen Str\u00e4nden und Meeresbuchten sowie netten und gastfreundlichen Menschen, das nach unserer Meinung durchaus mit der bekannten und meist besuchten Bretagne sehr gut mithalten kann.<\/p>\n<p>Unser Haus liegt auf der westlichen Seite der &#8222;Manche&#8220;, gut 20 km von der K\u00fcste entfernt im Landesinneren, auf der H\u00f6he von Granville und ca. 45 km entfernt vom ber\u00fchmten Klosterberg Mont Saint-Michel, dem Eingang zur Bretagne. Die Landschaft und Umgebung hier ist leicht h\u00fcgelig, sehr l\u00e4ndlich gepr\u00e4gt mit weiten und ruhigen Sandstr\u00e4nden, die unterhalb von Granville bis hoch nach Barneville-Carteret\u00a0 und weiter n\u00f6rdlich bis\u00a0 Cherbourg reichen.<\/p>\n","protected":false},"excerpt":{"rendered":"<p>Auf dieser Seite findet ihr ein paar Bilder und Eindr\u00fccke von unserem Haus in der nord-west-franz\u00f6sischen Region Normandie im Departement &#8222;La Manche&#8220;, dem &#8222;\u00c4rmel&#8220; zum gleichnamigen Kanal nach England. Bekannt ist diese Region sicherlich zum einen durch die Landung der Alliierten im Juni 1944 an den nord-\u00f6stlichen Str\u00e4nden wie Omaha-, Utah-, Gold- und Juno-Beach oberhalb &hellip; <\/p>\n<p class=\"link-more\"><a href=\"https:\/\/la-groudiere.net\/\" class=\"more-link\"><span class=\"screen-reader-text\">\u201eLa Groudi\u00e8re, unser Domizil in der Normandie im D\u00e9partement &#8222;La Manche&#8220; (50)\u201c <\/span>weiterlesen<\/a><\/p>\n","protected":false},"author":1,"featured_media":0,"parent":0,"menu_order":0,"comment_status":"closed","ping_status":"open","template":"","meta":{"footnotes":""},"class_list":["post-2","page","type-page","status-publish","hentry"],"_links":{"self":[{"href":"https:\/\/la-groudiere.net\/index.php?rest_route=\/wp\/v2\/pages\/2","targetHints":{"allow":["GET"]}}],"collection":[{"href":"https:\/\/la-groudiere.net\/index.php?rest_route=\/wp\/v2\/pages"}],"about":[{"href":"https:\/\/la-groudiere.net\/index.php?rest_route=\/wp\/v2\/types\/page"}],"author":[{"embeddable":true,"href":"https:\/\/la-groudiere.net\/index.php?rest_route=\/wp\/v2\/users\/1"}],"replies":[{"embeddable":true,"href":"https:\/\/la-groudiere.net\/index.php?rest_route=%2Fwp%2Fv2%2Fcomments&post=2"}],"version-history":[{"count":8,"href":"https:\/\/la-groudiere.net\/index.php?rest_route=\/wp\/v2\/pages\/2\/revisions"}],"predecessor-version":[{"id":246,"href":"https:\/\/la-groudiere.net\/index.php?rest_route=\/wp\/v2\/pages\/2\/revisions\/246"}],"wp:attachment":[{"href":"https:\/\/la-groudiere.net\/index.php?rest_route=%2Fwp%2Fv2%2Fmedia&parent=2"}],"curies":[{"name":"wp","href":"https:\/\/api.w.org\/{rel}","templated":true}]}}